{"id":49,"date":"2025-06-12T07:35:00","date_gmt":"2025-06-12T07:35:00","guid":{"rendered":"https:\/\/restauro.hr\/?page_id=49"},"modified":"2025-06-12T07:58:40","modified_gmt":"2025-06-12T07:58:40","slug":"o-nama","status":"publish","type":"page","link":"https:\/\/restauro.hr\/index.php\/o-nama\/","title":{"rendered":"O nama"},"content":{"rendered":"\n<div class=\"wp-block-group alignfull is-style-section-1 has-global-padding is-layout-constrained wp-container-core-group-is-layout-cdf985e3 wp-block-group-is-layout-constrained is-style-section-1--1\" style=\"min-height:100vh;margin-top:0;margin-bottom:0;padding-top:var(--wp--preset--spacing--80);padding-right:var(--wp--preset--spacing--80);padding-bottom:var(--wp--preset--spacing--80);padding-left:var(--wp--preset--spacing--80)\">\n<div class=\"wp-block-columns alignwide are-vertically-aligned-center is-layout-flex wp-container-core-columns-is-layout-643ced6b wp-block-columns-is-layout-flex\">\n<div class=\"wp-block-column is-vertically-aligned-center is-layout-flow wp-block-column-is-layout-flow\">\n<figure class=\"wp-block-image aligncenter size-full has-custom-border\"><img loading=\"lazy\" decoding=\"async\" width=\"1707\" height=\"2560\" src=\"https:\/\/restauro.hr\/wp-content\/uploads\/2025\/06\/full-shot-people-cleaning-office-scaled.jpg\" alt=\"\" class=\"wp-image-31\" style=\"border-top-left-radius:150px;border-bottom-right-radius:150px;object-fit:cover\" srcset=\"https:\/\/restauro.hr\/wp-content\/uploads\/2025\/06\/full-shot-people-cleaning-office-scaled.jpg 1707w, https:\/\/restauro.hr\/wp-content\/uploads\/2025\/06\/full-shot-people-cleaning-office-200x300.jpg 200w, https:\/\/restauro.hr\/wp-content\/uploads\/2025\/06\/full-shot-people-cleaning-office-683x1024.jpg 683w, https:\/\/restauro.hr\/wp-content\/uploads\/2025\/06\/full-shot-people-cleaning-office-768x1152.jpg 768w, https:\/\/restauro.hr\/wp-content\/uploads\/2025\/06\/full-shot-people-cleaning-office-1024x1536.jpg 1024w, https:\/\/restauro.hr\/wp-content\/uploads\/2025\/06\/full-shot-people-cleaning-office-1366x2048.jpg 1366w\" sizes=\"auto, (max-width: 1707px) 100vw, 1707px\" \/><\/figure>\n<\/div>\n\n\n\n<div class=\"wp-block-column is-vertically-aligned-center is-layout-flow wp-block-column-is-layout-flow\">\n<div class=\"wp-block-group is-vertical is-content-justification-stretch is-layout-flex wp-container-core-group-is-layout-353c4f5a wp-block-group-is-layout-flex\">\n<h2 class=\"wp-block-heading has-text-align-left\">O nama<\/h2>\n\n\n\n<p>Mi smo&nbsp;<strong>Restauro<\/strong>, pouzdan servis za osnovno odr\u017eavanje i \u010di\u0161\u0107enje stambenih i poslovnih zgrada, prisutan na tr\u017ei\u0161tu od&nbsp;<strong>2018. godine<\/strong>. Na\u0161 tim \u010dine marljivi, odgovorni i profesionalni djelatnici s vi\u0161egodi\u0161njim iskustvom u odr\u017eavanju higijene zajedni\u010dkih prostorija.<\/p>\n\n\n\n<p><strong>Radimo brzo, temeljito i diskretno<\/strong> \u2013 jer znamo koliko je va\u017eno da va\u0161a zgrada uvijek izgleda uredno, bez ometanja svakodnevnog \u017eivota stanara ili korisnika prostora. <strong>Na\u0161e usluge<\/strong> uklju\u010duju redovito pranje hodnika i stubi\u0161ta, brisanje pra\u0161ine, \u010di\u0161\u0107enje liftova, ulaza, rukohvata, kao i izno\u0161enje otpada iz zajedni\u010dkih dijelova objekta.<\/p>\n\n\n\n<p>Djelujemo na podru\u010dju&nbsp;<strong>Zagreba i Zagreba\u010dke \u017eupanije<\/strong>, uz fleksibilan pristup i dogovor koji odgovara va\u0161im stvarnim potrebama.<\/p>\n\n\n\n<p><strong>Budu\u0107i da je svaki prostor specifi\u010dan, za to\u010dnu ponudu i dogovor preporu\u010dujemo da nas direktno kontaktirate.<\/strong> Rado \u0107emo iza\u0107i na teren, procijeniti potrebe i ponuditi optimalno rje\u0161enje.<\/p>\n\n\n\n<p><strong>KONTAKT<\/strong><\/p>\n\n\n\n<p>+385 91 510 3854<br><a>info@restauro.hr<\/a><\/p>\n<\/div>\n<\/div>\n<\/div>\n<\/div>\n","protected":false},"excerpt":{"rendered":"<p>O nama Mi smo&nbsp;Restauro, pouzdan servis za osnovno odr\u017eavanje i \u010di\u0161\u0107enje stambenih i poslovnih zgrada, prisutan na tr\u017ei\u0161tu od&nbsp;2018. godine. Na\u0161 tim \u010dine marljivi, odgovorni i profesionalni djelatnici s vi\u0161egodi\u0161njim iskustvom u odr\u017eavanju higijene zajedni\u010dkih prostorija. Radimo brzo, temeljito i diskretno \u2013 jer znamo koliko je va\u017eno da va\u0161a zgrada uvijek izgleda uredno, bez ometanja [&hellip;]<\/p>\n","protected":false},"author":1,"featured_media":0,"parent":0,"menu_order":0,"comment_status":"closed","ping_status":"closed","template":"page-no-title","meta":{"footnotes":""},"class_list":["post-49","page","type-page","status-publish","hentry"],"yoast_head":"<!-- This site is optimized with the Yoast SEO plugin v25.6 - https:\/\/yoast.com\/wordpress\/plugins\/seo\/ -->\n<title>O nama - Restauro<\/title>\n<meta name=\"robots\" content=\"index, follow, max-snippet:-1, max-image-preview:large, max-video-preview:-1\" \/>\n<link rel=\"canonical\" href=\"https:\/\/restauro.hr\/index.php\/o-nama\/\" \/>\n<meta property=\"og:locale\" content=\"hr_HR\" \/>\n<meta property=\"og:type\" content=\"article\" \/>\n<meta property=\"og:title\" content=\"O nama - Restauro\" \/>\n<meta property=\"og:description\" content=\"O nama Mi smo&nbsp;Restauro, pouzdan servis za osnovno odr\u017eavanje i \u010di\u0161\u0107enje stambenih i poslovnih zgrada, prisutan na tr\u017ei\u0161tu od&nbsp;2018. godine. Na\u0161 tim \u010dine marljivi, odgovorni i profesionalni djelatnici s vi\u0161egodi\u0161njim iskustvom u odr\u017eavanju higijene zajedni\u010dkih prostorija. Radimo brzo, temeljito i diskretno \u2013 jer znamo koliko je va\u017eno da va\u0161a zgrada uvijek izgleda uredno, bez ometanja [&hellip;]\" \/>\n<meta property=\"og:url\" content=\"https:\/\/restauro.hr\/index.php\/o-nama\/\" \/>\n<meta property=\"og:site_name\" content=\"Restauro\" \/>\n<meta property=\"article:modified_time\" content=\"2025-06-12T07:58:40+00:00\" \/>\n<meta property=\"og:image\" content=\"https:\/\/restauro.hr\/wp-content\/uploads\/2025\/06\/full-shot-people-cleaning-office-scaled.jpg\" \/>\n\t<meta property=\"og:image:width\" content=\"1707\" \/>\n\t<meta property=\"og:image:height\" content=\"2560\" \/>\n\t<meta property=\"og:image:type\" content=\"image\/jpeg\" \/>\n<meta name=\"twitter:card\" content=\"summary_large_image\" \/>\n<meta name=\"twitter:label1\" content=\"Procijenjeno vrijeme \u010ditanja\" \/>\n\t<meta name=\"twitter:data1\" content=\"1 minuta\" \/>\n<script type=\"application\/ld+json\" class=\"yoast-schema-graph\">{\"@context\":\"https:\/\/schema.org\",\"@graph\":[{\"@type\":\"WebPage\",\"@id\":\"https:\/\/restauro.hr\/index.php\/o-nama\/\",\"url\":\"https:\/\/restauro.hr\/index.php\/o-nama\/\",\"name\":\"O nama - Restauro\",\"isPartOf\":{\"@id\":\"https:\/\/restauro.hr\/#website\"},\"primaryImageOfPage\":{\"@id\":\"https:\/\/restauro.hr\/index.php\/o-nama\/#primaryimage\"},\"image\":{\"@id\":\"https:\/\/restauro.hr\/index.php\/o-nama\/#primaryimage\"},\"thumbnailUrl\":\"https:\/\/restauro.hr\/wp-content\/uploads\/2025\/06\/full-shot-people-cleaning-office-scaled.jpg\",\"datePublished\":\"2025-06-12T07:35:00+00:00\",\"dateModified\":\"2025-06-12T07:58:40+00:00\",\"breadcrumb\":{\"@id\":\"https:\/\/restauro.hr\/index.php\/o-nama\/#breadcrumb\"},\"inLanguage\":\"hr\",\"potentialAction\":[{\"@type\":\"ReadAction\",\"target\":[\"https:\/\/restauro.hr\/index.php\/o-nama\/\"]}]},{\"@type\":\"ImageObject\",\"inLanguage\":\"hr\",\"@id\":\"https:\/\/restauro.hr\/index.php\/o-nama\/#primaryimage\",\"url\":\"https:\/\/restauro.hr\/wp-content\/uploads\/2025\/06\/full-shot-people-cleaning-office-scaled.jpg\",\"contentUrl\":\"https:\/\/restauro.hr\/wp-content\/uploads\/2025\/06\/full-shot-people-cleaning-office-scaled.jpg\",\"width\":1707,\"height\":2560},{\"@type\":\"BreadcrumbList\",\"@id\":\"https:\/\/restauro.hr\/index.php\/o-nama\/#breadcrumb\",\"itemListElement\":[{\"@type\":\"ListItem\",\"position\":1,\"name\":\"Po\u010detna stranica\",\"item\":\"https:\/\/restauro.hr\/\"},{\"@type\":\"ListItem\",\"position\":2,\"name\":\"O nama\"}]},{\"@type\":\"WebSite\",\"@id\":\"https:\/\/restauro.hr\/#website\",\"url\":\"https:\/\/restauro.hr\/\",\"name\":\"Restauro\",\"description\":\"Osnovno \u010di\u0161\u0107enje zgrada\",\"publisher\":{\"@id\":\"https:\/\/restauro.hr\/#organization\"},\"potentialAction\":[{\"@type\":\"SearchAction\",\"target\":{\"@type\":\"EntryPoint\",\"urlTemplate\":\"https:\/\/restauro.hr\/?s={search_term_string}\"},\"query-input\":{\"@type\":\"PropertyValueSpecification\",\"valueRequired\":true,\"valueName\":\"search_term_string\"}}],\"inLanguage\":\"hr\"},{\"@type\":\"Organization\",\"@id\":\"https:\/\/restauro.hr\/#organization\",\"name\":\"Restauro\",\"url\":\"https:\/\/restauro.hr\/\",\"logo\":{\"@type\":\"ImageObject\",\"inLanguage\":\"hr\",\"@id\":\"https:\/\/restauro.hr\/#\/schema\/logo\/image\/\",\"url\":\"https:\/\/restauro.hr\/wp-content\/uploads\/2025\/06\/cropped-simbol-2-scaled-1.png\",\"contentUrl\":\"https:\/\/restauro.hr\/wp-content\/uploads\/2025\/06\/cropped-simbol-2-scaled-1.png\",\"width\":512,\"height\":512,\"caption\":\"Restauro\"},\"image\":{\"@id\":\"https:\/\/restauro.hr\/#\/schema\/logo\/image\/\"}}]}<\/script>\n<!-- \/ Yoast SEO plugin. -->","yoast_head_json":{"title":"O nama - Restauro","robots":{"index":"index","follow":"follow","max-snippet":"max-snippet:-1","max-image-preview":"max-image-preview:large","max-video-preview":"max-video-preview:-1"},"canonical":"https:\/\/restauro.hr\/index.php\/o-nama\/","og_locale":"hr_HR","og_type":"article","og_title":"O nama - Restauro","og_description":"O nama Mi smo&nbsp;Restauro, pouzdan servis za osnovno odr\u017eavanje i \u010di\u0161\u0107enje stambenih i poslovnih zgrada, prisutan na tr\u017ei\u0161tu od&nbsp;2018. godine. Na\u0161 tim \u010dine marljivi, odgovorni i profesionalni djelatnici s vi\u0161egodi\u0161njim iskustvom u odr\u017eavanju higijene zajedni\u010dkih prostorija. Radimo brzo, temeljito i diskretno \u2013 jer znamo koliko je va\u017eno da va\u0161a zgrada uvijek izgleda uredno, bez ometanja [&hellip;]","og_url":"https:\/\/restauro.hr\/index.php\/o-nama\/","og_site_name":"Restauro","article_modified_time":"2025-06-12T07:58:40+00:00","og_image":[{"width":1707,"height":2560,"url":"https:\/\/restauro.hr\/wp-content\/uploads\/2025\/06\/full-shot-people-cleaning-office-scaled.jpg","type":"image\/jpeg"}],"twitter_card":"summary_large_image","twitter_misc":{"Procijenjeno vrijeme \u010ditanja":"1 minuta"},"schema":{"@context":"https:\/\/schema.org","@graph":[{"@type":"WebPage","@id":"https:\/\/restauro.hr\/index.php\/o-nama\/","url":"https:\/\/restauro.hr\/index.php\/o-nama\/","name":"O nama - Restauro","isPartOf":{"@id":"https:\/\/restauro.hr\/#website"},"primaryImageOfPage":{"@id":"https:\/\/restauro.hr\/index.php\/o-nama\/#primaryimage"},"image":{"@id":"https:\/\/restauro.hr\/index.php\/o-nama\/#primaryimage"},"thumbnailUrl":"https:\/\/restauro.hr\/wp-content\/uploads\/2025\/06\/full-shot-people-cleaning-office-scaled.jpg","datePublished":"2025-06-12T07:35:00+00:00","dateModified":"2025-06-12T07:58:40+00:00","breadcrumb":{"@id":"https:\/\/restauro.hr\/index.php\/o-nama\/#breadcrumb"},"inLanguage":"hr","potentialAction":[{"@type":"ReadAction","target":["https:\/\/restauro.hr\/index.php\/o-nama\/"]}]},{"@type":"ImageObject","inLanguage":"hr","@id":"https:\/\/restauro.hr\/index.php\/o-nama\/#primaryimage","url":"https:\/\/restauro.hr\/wp-content\/uploads\/2025\/06\/full-shot-people-cleaning-office-scaled.jpg","contentUrl":"https:\/\/restauro.hr\/wp-content\/uploads\/2025\/06\/full-shot-people-cleaning-office-scaled.jpg","width":1707,"height":2560},{"@type":"BreadcrumbList","@id":"https:\/\/restauro.hr\/index.php\/o-nama\/#breadcrumb","itemListElement":[{"@type":"ListItem","position":1,"name":"Po\u010detna stranica","item":"https:\/\/restauro.hr\/"},{"@type":"ListItem","position":2,"name":"O nama"}]},{"@type":"WebSite","@id":"https:\/\/restauro.hr\/#website","url":"https:\/\/restauro.hr\/","name":"Restauro","description":"Osnovno \u010di\u0161\u0107enje zgrada","publisher":{"@id":"https:\/\/restauro.hr\/#organization"},"potentialAction":[{"@type":"SearchAction","target":{"@type":"EntryPoint","urlTemplate":"https:\/\/restauro.hr\/?s={search_term_string}"},"query-input":{"@type":"PropertyValueSpecification","valueRequired":true,"valueName":"search_term_string"}}],"inLanguage":"hr"},{"@type":"Organization","@id":"https:\/\/restauro.hr\/#organization","name":"Restauro","url":"https:\/\/restauro.hr\/","logo":{"@type":"ImageObject","inLanguage":"hr","@id":"https:\/\/restauro.hr\/#\/schema\/logo\/image\/","url":"https:\/\/restauro.hr\/wp-content\/uploads\/2025\/06\/cropped-simbol-2-scaled-1.png","contentUrl":"https:\/\/restauro.hr\/wp-content\/uploads\/2025\/06\/cropped-simbol-2-scaled-1.png","width":512,"height":512,"caption":"Restauro"},"image":{"@id":"https:\/\/restauro.hr\/#\/schema\/logo\/image\/"}}]}},"_links":{"self":[{"href":"https:\/\/restauro.hr\/index.php\/wp-json\/wp\/v2\/pages\/49","targetHints":{"allow":["GET"]}}],"collection":[{"href":"https:\/\/restauro.hr\/index.php\/wp-json\/wp\/v2\/pages"}],"about":[{"href":"https:\/\/restauro.hr\/index.php\/wp-json\/wp\/v2\/types\/page"}],"author":[{"embeddable":true,"href":"https:\/\/restauro.hr\/index.php\/wp-json\/wp\/v2\/users\/1"}],"replies":[{"embeddable":true,"href":"https:\/\/restauro.hr\/index.php\/wp-json\/wp\/v2\/comments?post=49"}],"version-history":[{"count":6,"href":"https:\/\/restauro.hr\/index.php\/wp-json\/wp\/v2\/pages\/49\/revisions"}],"predecessor-version":[{"id":62,"href":"https:\/\/restauro.hr\/index.php\/wp-json\/wp\/v2\/pages\/49\/revisions\/62"}],"wp:attachment":[{"href":"https:\/\/restauro.hr\/index.php\/wp-json\/wp\/v2\/media?parent=49"}],"curies":[{"name":"wp","href":"https:\/\/api.w.org\/{rel}","templated":true}]}}